{"id":16578,"date":"2017-12-29T12:05:54","date_gmt":"2017-12-29T11:05:54","guid":{"rendered":"http:\/\/www.podolskiy.de?page_id=16578"},"modified":"2018-01-03T13:42:50","modified_gmt":"2018-01-03T12:42:50","slug":"wedding-documentation","status":"publish","type":"page","link":"https:\/\/www.podolskiy.de\/en\/wedding-documentation","title":{"rendered":"Wedding documentation"},"content":{"rendered":"<p>Stories<\/p>\n<p>Hochzeitsreportagen &amp; Love Stories<\/p>\n<p>Eine Liebesgeschiechte von 2 M\u00e4dels aus Paris<\/p>\n<p>Sch\u00f6ne Hochzeitsreportage von Anna &amp; Daniel in Surenburg<\/p>\n<p>Geheiratet, Koffer gepackt und losging es f\u00fcr das Brautpaar nach Island f\u00fcr die Hochzeitsfotos.<\/p>\n<p>Ganz nach dem Motto &#8220;lass uns Feiern&#8221;. Eine sch\u00f6ne und emotionale Hochzeitsreportage mit freier Zeremonie<\/p>\n<p>Verliebtes Paar und einwenig Zeit f\u00fcr die Fotos. Ein Verlobungs-Shooting in M\u00fcnchen.<\/p>\n<p>Eine ganze kleine Reise habe ich mit dem Brautpaar gemacht. Viel Spa\u00df beim Anschauen.<\/p>\n<p>Anton<\/p>\n<p>about<\/p>\n<p><!-- {\"name\":\"\",\"type\":\"layout\",\"children\":[{\"name\":\"Hero\",\"type\":\"section\",\"props\":{\"style\":\"default\",\"width\":\"\",\"image_position\":\"center-center\",\"image\":\"wp-content\\\/uploads\\\/2017\\\/03\\\/hochzeitsfotograf-hannover-1.jpg\",\"height\":\"full\",\"image_size\":\"cover\",\"text_color\":\"light\",\"header_transparent\":\"dark\",\"image_effect\":\"fixed\",\"image_parallax_bgx_end\":\"\",\"image_parallax_bgy_end\":\"\",\"vertical_align\":\"middle\",\"title_position\":\"top-left\",\"title_rotation\":\"left\",\"title_breakpoint\":\"xl\",\"image_width\":\"1920\",\"image_height\":\"1080\"},\"children\":[{\"name\":\"\",\"type\":\"row\",\"props\":{\"fixed_width\":\"large\",\"breakpoint\":\"m\",\"layout\":\"1-1\"},\"children\":[{\"name\":\"\",\"type\":\"column\",\"props\":{\"image_position\":\"center-center\",\"widths\":[\"1-1\"]},\"children\":[{\"name\":\"\",\"type\":\"headline\",\"props\":{\"title_element\":\"h1\",\"content\":\"Stories\",\"text_align\":\"center\",\"title_style\":\"heading-hero\",\"margin\":\"remove-vertical\",\"animation\":\"parallax\",\"parallax_y_end\":\"450\",\"parallax_opacity_end\":\"0\",\"parallax_breakpoint\":\"s\"}},{\"name\":\"\",\"type\":\"headline\",\"props\":{\"title_element\":\"h2\",\"content\":\"Hochzeitsreportagen &amp; Love Stories\",\"text_align\":\"center\",\"title_style\":\"h5\",\"margin\":\"small\",\"animation\":\"parallax\",\"parallax_y_end\":\"500\",\"parallax_opacity_end\":\"0\",\"parallax_breakpoint\":\"s\"}}]}]}]},{\"name\":\"\",\"type\":\"section\",\"props\":{\"style\":\"default\",\"width\":\"default\",\"vertical_align\":\"middle\",\"title_position\":\"top-left\",\"title_rotation\":\"left\",\"title_breakpoint\":\"xl\",\"image_position\":\"center-center\"},\"children\":[{\"name\":\"\",\"type\":\"row\",\"props\":{\"fixed_width\":\"large\",\"breakpoint\":\"m\",\"layout\":\"1-1\"},\"children\":[{\"name\":\"\",\"type\":\"column\",\"props\":{\"widths\":[\"1-1\"],\"image_position\":\"center-center\"}}]}]},{\"name\":\"Jane & Ilona\",\"type\":\"section\",\"props\":{\"style\":\"default\",\"width\":\"default\",\"image_position\":\"top-right\",\"image\":\"wp-content\\\/uploads\\\/2017\\\/12\\\/paris-story-des.png\",\"padding\":\"large\",\"image_visibility\":\"m\",\"image_size\":\"contain\",\"padding_remove_top\":false,\"padding_remove_bottom\":false,\"image_width\":\"2000\",\"image_height\":\"660\",\"image_effect\":\"\",\"image_parallax_bgy_start\":\"\",\"image_parallax_bgy_end\":\"\",\"vertical_align\":\"middle\",\"title_position\":\"center-left\",\"title_rotation\":\"left\",\"title_breakpoint\":\"l\",\"title\":\"August 01, 2017\",\"header_transparent\":\"\"},\"children\":[{\"name\":\"\",\"type\":\"row\",\"props\":{\"fixed_width\":\"large\",\"breakpoint\":\"m\",\"layout\":\"2-3,\",\"width\":\"\",\"gutter\":\"collapse\",\"margin\":\"\"},\"children\":[{\"name\":\"\",\"type\":\"column\",\"props\":{\"image_position\":\"center-center\",\"widths\":[\"2-3\"]},\"children\":[{\"name\":\"\",\"type\":\"panel\",\"props\":{\"link_text\":\"weiterlesen\",\"title_element\":\"h3\",\"meta_style\":\"meta\",\"meta_align\":\"top\",\"icon_ratio\":4,\"image_align\":\"right\",\"image_grid_width\":\"1-2\",\"image_breakpoint\":\"s\",\"link_style\":\"text\",\"margin\":\"default\",\"meta\":\"Love in Paris\",\"title\":\"Jane & Ilona\",\"content\":\"\n\n<p>Eine Liebesgeschiechte von 2 M\\u00e4dels aus Paris<\\\/p>\",\"link\":\"\\\/hochzeitsfotograf-blog\\\/lovestoryparis\",\"image\":\"wp-content\\\/uploads\\\/2017\\\/10\\\/paris-wedding-photographer-1043.jpg\",\"panel_style\":\"card-default\",\"image_gutter\":\"large\",\"image_vertical_align\":true,\"image_card\":true,\"link_size\":\"\",\"meta_margin\":\"small\",\"title_style\":\"h2\",\"panel_size\":\"\",\"maxwidth\":\"\",\"image_width\":\"900\",\"image_height\":\"1350\",\"animation\":\"parallax\",\"parallax_y_start\":\"\",\"parallax_y_end\":\"-100\",\"parallax_breakpoint\":\"m\"}}]},{\"name\":\"\",\"type\":\"column\",\"props\":{\"image_position\":\"center-center\",\"widths\":[\"\"]}}]}]},{\"name\":\"Anna & Daniel\",\"type\":\"section\",\"props\":{\"style\":\"default\",\"width\":\"default\",\"image_position\":\"top-left\",\"image\":\"wp-content\\\/uploads\\\/2017\\\/12\\\/anna-wedding-des.png\",\"padding\":\"large\",\"image_size\":\"contain\",\"image_visibility\":\"m\",\"image_width\":\"2000\",\"image_height\":\"660\",\"image_effect\":\"\",\"image_parallax_bgy_start\":\"\",\"image_parallax_bgy_end\":\"\",\"vertical_align\":\"middle\",\"title_position\":\"center-right\",\"title_rotation\":\"left\",\"title_breakpoint\":\"l\",\"title\":\"September 2, 2017\"},\"children\":[{\"name\":\"\",\"type\":\"row\",\"props\":{\"fixed_width\":\"large\",\"breakpoint\":\"m\",\"layout\":\",2-3\",\"width\":\"\",\"gutter\":\"collapse\"},\"children\":[{\"name\":\"\",\"type\":\"column\",\"props\":{\"image_position\":\"center-center\",\"widths\":[\"\"]}},{\"name\":\"\",\"type\":\"column\",\"props\":{\"image_position\":\"center-center\",\"widths\":[\"2-3\"]},\"children\":[{\"name\":\"\",\"type\":\"panel\",\"props\":{\"link_text\":\"weiterlesen\",\"title_element\":\"h3\",\"meta_style\":\"meta\",\"meta_align\":\"top\",\"icon_ratio\":4,\"image_align\":\"left\",\"image_grid_width\":\"1-2\",\"image_breakpoint\":\"s\",\"link_style\":\"text\",\"margin\":\"default\",\"meta\":\"Hochzeitsreportage in Surenburg\",\"title\":\"Anna & Daniel\",\"content\":\"\n\n<p>Sch\\u00f6ne Hochzeitsreportage von Anna &amp; Daniel in Surenburg<\\\/p>\",\"link\":\"\\\/hochzeitsfotograf-blog\\\/hochzeitsreportage-surenburg\",\"image\":\"wp-content\\\/uploads\\\/2017\\\/02\\\/hochzeitsfotos-1094-1.jpg\",\"panel_style\":\"card-default\",\"image_gutter\":\"large\",\"image_vertical_align\":true,\"image_card\":true,\"link_size\":\"\",\"meta_margin\":\"small\",\"title_style\":\"h2\",\"panel_size\":\"\",\"maxwidth\":\"\",\"image_width\":\"900\",\"image_height\":\"1350\",\"animation\":\"parallax\",\"parallax_y_start\":\"100\",\"parallax_y_end\":\"-200\",\"parallax_viewport\":\"\",\"parallax_breakpoint\":\"m\"}}]}]}]},{\"name\":\"Ilona & Ilia\",\"type\":\"section\",\"props\":{\"style\":\"default\",\"width\":\"default\",\"image_position\":\"top-right\",\"image\":\"wp-content\\\/uploads\\\/2017\\\/12\\\/iceland-stories-des.png\",\"padding\":\"large\",\"image_visibility\":\"m\",\"image_size\":\"contain\",\"image_effect\":\"\",\"image_parallax\":\"\",\"image_width\":\"2000\",\"image_height\":\"660\",\"animation\":\"slide-bottom-medium\",\"image_parallax_bgy_start\":\"\",\"image_parallax_bgy_end\":\"\",\"vertical_align\":\"middle\",\"title_position\":\"center-left\",\"title_rotation\":\"left\",\"title_breakpoint\":\"l\",\"title\":\"April 20, 2017\"},\"children\":[{\"name\":\"\",\"type\":\"row\",\"props\":{\"fixed_width\":\"large\",\"breakpoint\":\"m\",\"layout\":\"2-3,\",\"width\":\"\",\"gutter\":\"collapse\"},\"children\":[{\"name\":\"\",\"type\":\"column\",\"props\":{\"image_position\":\"center-center\",\"widths\":[\"2-3\"]},\"children\":[{\"name\":\"\",\"type\":\"panel\",\"props\":{\"link_text\":\"weiterlesen\",\"title_element\":\"h3\",\"meta_style\":\"meta\",\"meta_align\":\"top\",\"icon_ratio\":4,\"image_align\":\"right\",\"image_grid_width\":\"1-2\",\"image_breakpoint\":\"s\",\"link_style\":\"text\",\"margin\":\"default\",\"meta\":\"After Wedding in Iceland\",\"title\":\"Ilona & Ilia\",\"content\":\"\n\n<p>Geheiratet, Koffer gepackt und losging es f\\u00fcr das Brautpaar nach Island f\\u00fcr die Hochzeitsfotos.<\\\/p>\",\"link\":\"\\\/hochzeitsfotograf-blog\\\/iceland-wedding-photographer\",\"image\":\"wp-content\\\/uploads\\\/2017\\\/04\\\/161003-1098.jpg\",\"panel_style\":\"card-default\",\"image_gutter\":\"large\",\"image_vertical_align\":true,\"image_card\":true,\"link_size\":\"\",\"meta_margin\":\"small\",\"title_style\":\"h2\",\"panel_size\":\"\",\"maxwidth\":\"\",\"image_width\":\"900\",\"image_height\":\"1350\",\"animation\":\"parallax\",\"parallax_y_start\":\"100\",\"parallax_y_end\":\"-200\",\"parallax_breakpoint\":\"m\"}}]},{\"name\":\"\",\"type\":\"column\",\"props\":{\"image_position\":\"center-center\",\"widths\":[\"\"]}}]}]},{\"name\":\"Romy & Tim\",\"type\":\"section\",\"props\":{\"style\":\"default\",\"width\":\"default\",\"image_position\":\"top-right\",\"image\":\"wp-content\\\/uploads\\\/2017\\\/12\\\/romy-tobias-stories-des.png\",\"padding\":\"large\",\"image_visibility\":\"m\",\"image_size\":\"contain\",\"image_effect\":\"\",\"image_parallax\":\"\",\"image_width\":\"2000\",\"image_height\":\"660\",\"image_parallax_bgy_start\":\"\",\"image_parallax_bgy_end\":\"\",\"vertical_align\":\"middle\",\"title_position\":\"center-right\",\"title_rotation\":\"left\",\"title_breakpoint\":\"l\",\"title\":\"July 5, 2017\"},\"children\":[{\"name\":\"\",\"type\":\"row\",\"props\":{\"fixed_width\":\"large\",\"breakpoint\":\"m\",\"layout\":\",2-3\",\"width\":\"\",\"gutter\":\"collapse\"},\"children\":[{\"name\":\"\",\"type\":\"column\",\"props\":{\"image_position\":\"center-center\",\"widths\":[\"\"]}},{\"name\":\"\",\"type\":\"column\",\"props\":{\"image_position\":\"center-center\",\"widths\":[\"2-3\"]},\"children\":[{\"name\":\"\",\"type\":\"panel\",\"props\":{\"link_text\":\"Read more\",\"title_element\":\"h3\",\"meta_style\":\"meta\",\"meta_align\":\"top\",\"icon_ratio\":4,\"image_align\":\"left\",\"image_grid_width\":\"1-2\",\"image_breakpoint\":\"s\",\"link_style\":\"text\",\"margin\":\"default\",\"meta\":\"Hochzeitsfotos in Hannover\",\"title\":\"Romy & Tim\",\"content\":\"\n\n<p>Ganz nach dem Motto \\\"lass uns Feiern\\\". Eine sch\\u00f6ne und emotionale Hochzeitsreportage mit freier Zeremonie<\\\/p>\",\"link\":\"#\",\"image\":\"wp-content\\\/uploads\\\/2016\\\/01\\\/1209-1403.jpg\",\"panel_style\":\"card-default\",\"image_gutter\":\"large\",\"image_vertical_align\":true,\"image_card\":true,\"link_size\":\"\",\"meta_margin\":\"small\",\"title_style\":\"h2\",\"panel_size\":\"\",\"maxwidth\":\"\",\"image_width\":\"900\",\"image_height\":\"1350\",\"animation\":\"parallax\",\"parallax_y_start\":\"100\",\"parallax_y_end\":\"-200\",\"parallax_breakpoint\":\"m\"}}]}]}]},{\"name\":\"Oihane & Tofi\",\"type\":\"section\",\"props\":{\"style\":\"default\",\"width\":\"default\",\"image_position\":\"top-right\",\"image\":\"wp-content\\\/uploads\\\/2017\\\/12\\\/muenchen-stories-des.png\",\"padding\":\"large\",\"image_visibility\":\"m\",\"image_size\":\"contain\",\"image_effect\":\"\",\"image_parallax\":\"\",\"image_parallax_bgy_end\":\"\",\"vertical_align\":\"middle\",\"title_position\":\"center-left\",\"title_rotation\":\"left\",\"title_breakpoint\":\"l\",\"title\":\"June 25, 2016\"},\"children\":[{\"name\":\"\",\"type\":\"row\",\"props\":{\"fixed_width\":\"large\",\"breakpoint\":\"m\",\"layout\":\"2-3,\",\"width\":\"\",\"gutter\":\"collapse\"},\"children\":[{\"name\":\"\",\"type\":\"column\",\"props\":{\"image_position\":\"center-center\",\"widths\":[\"2-3\"]},\"children\":[{\"name\":\"\",\"type\":\"panel\",\"props\":{\"link_text\":\"Read more\",\"title_element\":\"h3\",\"meta_style\":\"meta\",\"meta_align\":\"top\",\"icon_ratio\":4,\"image_align\":\"right\",\"image_grid_width\":\"1-2\",\"image_breakpoint\":\"s\",\"link_style\":\"text\",\"margin\":\"default\",\"meta\":\"Verobungsshooting in M\\u00fcnchen\",\"title\":\"Oihane & Tofi\",\"content\":\"\n\n<p>Verliebtes Paar und einwenig Zeit f\\u00fcr die Fotos. Ein Verlobungs-Shooting in M\\u00fcnchen.<\\\/p>\",\"link\":\"#\",\"image\":\"wp-content\\\/uploads\\\/2015\\\/11\\\/mue_2-1074.jpg\",\"panel_style\":\"card-default\",\"image_gutter\":\"large\",\"image_vertical_align\":true,\"image_card\":true,\"link_size\":\"\",\"meta_margin\":\"small\",\"title_style\":\"h2\",\"panel_size\":\"\",\"maxwidth\":\"\",\"image_width\":\"900\",\"image_height\":\"1350\",\"animation\":\"parallax\",\"parallax_y_start\":\"100\",\"parallax_y_end\":\"-200\",\"parallax_breakpoint\":\"m\"}}]},{\"name\":\"\",\"type\":\"column\",\"props\":{\"image_position\":\"center-center\",\"widths\":[\"\"]}}]}]},{\"name\":\"Kate & Alex\",\"type\":\"section\",\"props\":{\"style\":\"default\",\"width\":\"default\",\"image_position\":\"top-right\",\"image\":\"wp-content\\\/uploads\\\/2017\\\/12\\\/italy-strories-des.png\",\"padding\":\"large\",\"image_visibility\":\"m\",\"image_size\":\"contain\",\"image_effect\":\"\",\"image_parallax\":\"\",\"image_width\":\"2000\",\"image_height\":\"660\",\"image_parallax_bgy_end\":\"\",\"vertical_align\":\"middle\",\"title_position\":\"center-right\",\"title_rotation\":\"left\",\"title_breakpoint\":\"l\",\"title\":\"June 07, 2016\",\"padding_remove_bottom\":true},\"children\":[{\"name\":\"\",\"type\":\"row\",\"props\":{\"fixed_width\":\"large\",\"breakpoint\":\"m\",\"layout\":\",2-3\",\"width\":\"\",\"gutter\":\"collapse\"},\"children\":[{\"name\":\"\",\"type\":\"column\",\"props\":{\"image_position\":\"center-center\",\"widths\":[\"\"]}},{\"name\":\"\",\"type\":\"column\",\"props\":{\"image_position\":\"center-center\",\"widths\":[\"2-3\"]},\"children\":[{\"name\":\"\",\"type\":\"panel\",\"props\":{\"link_text\":\"weiterlesen\",\"title_element\":\"h3\",\"meta_style\":\"meta\",\"meta_align\":\"top\",\"icon_ratio\":4,\"image_align\":\"left\",\"image_grid_width\":\"1-2\",\"image_breakpoint\":\"s\",\"link_style\":\"text\",\"margin\":\"default\",\"meta\":\"After Wedding in Italien\",\"title\":\"Kate & Alex\",\"content\":\"\n\n<p>Eine ganze kleine Reise habe ich mit dem Brautpaar gemacht. Viel Spa\\u00df beim Anschauen.<\\\/p>\",\"link\":\"#\",\"image\":\"wp-content\\\/uploads\\\/2017\\\/03\\\/fotos-hochzeit-germany-1.jpg\",\"panel_style\":\"card-default\",\"image_gutter\":\"large\",\"image_vertical_align\":true,\"image_card\":true,\"link_size\":\"\",\"meta_margin\":\"small\",\"title_style\":\"h2\",\"panel_size\":\"\",\"maxwidth\":\"\",\"image_width\":\"900\",\"image_height\":\"1350\",\"animation\":\"parallax\",\"parallax_y_start\":\"100\",\"parallax_y_end\":\"-200\",\"parallax_breakpoint\":\"m\"}}]}]}]},{\"name\":\"About\",\"type\":\"section\",\"props\":{\"style\":\"default\",\"width\":\"default\",\"image_position\":\"center-center\",\"padding\":\"\",\"padding_remove_top\":true,\"vertical_align\":\"middle\",\"title_position\":\"top-left\",\"title_rotation\":\"left\",\"title_breakpoint\":\"xl\"},\"children\":[{\"name\":\"\",\"type\":\"row\",\"props\":{\"fixed_width\":\"large\",\"breakpoint\":\"s\",\"layout\":\",2-3\",\"vertical_align\":true,\"gutter\":\"collapse\"},\"children\":[{\"name\":\"\",\"type\":\"column\",\"props\":{\"image_position\":\"center-center\",\"widths\":[\"\"]},\"children\":[{\"name\":\"\",\"type\":\"image\",\"props\":{\"margin\":\"default\",\"image\":\"wp-content\\\/uploads\\\/2017\\\/02\\\/avatar_hochzeitsfotograf.jpg\",\"image_width\":\"900\",\"image_height\":\"1350\",\"link\":\"en\\\/wedding-photography\",\"animation\":\"parallax\",\"parallax_y_start\":160,\"parallax_breakpoint\":\"m\"}}]},{\"name\":\"\",\"type\":\"column\",\"props\":{\"image_position\":\"center-center\",\"widths\":[\"2-3\"],\"style\":\"default\",\"padding\":\"xlarge\"},\"children\":[{\"name\":\"\",\"type\":\"headline\",\"props\":{\"title_element\":\"h1\",\"content\":\"Anton\",\"title_style\":\"heading-hero\",\"title_color\":\"muted\",\"animation\":\"parallax\",\"parallax_x_start\":\"-440\"}},{\"name\":\"\",\"type\":\"headline\",\"props\":{\"title_element\":\"h2\",\"title_style\":\"h1\",\"content\":\"about\",\"animation\":\"parallax\",\"parallax_x_start\":\"160\",\"link\":\"#\",\"parallax_breakpoint\":\"m\"}}]}]}]}]} --><\/p>\n","protected":false},"excerpt":{"rendered":"<p>Stories Hochzeitsreportagen &amp; Love Stories Eine Liebesgeschiechte von 2 M\u00e4dels aus Paris Sch\u00f6ne Hochzeitsreportage von Anna &amp; Daniel in Surenburg Geheiratet, Koffer gepackt und losging es f\u00fcr das Brautpaar nach Island f\u00fcr die Hochzeitsfotos. Ganz nach dem Motto &#8220;lass uns Feiern&#8221;. Eine sch\u00f6ne und emotionale Hochzeitsreportage mit freier Zeremonie Verliebtes Paar und einwenig Zeit f\u00fcr [&hellip;]<\/p>\n","protected":false},"author":1,"featured_media":0,"parent":0,"menu_order":0,"comment_status":"closed","ping_status":"open","template":"","meta":{"footnotes":""},"class_list":["post-16578","page","type-page","status-publish","hentry"],"yoast_head":"<!-- This site is optimized with the Yoast SEO plugin v23.4 - https:\/\/yoast.com\/wordpress\/plugins\/seo\/ -->\n<title>WEDDING PHOTOGRAPHY- WEDDING PHOTOGRAPHY Hannover<\/title>\n<meta name=\"description\" content=\"]One of the most uplifting moments of the wedding documentation is the ceremony. And i am more than happy to hold those special, emotional moments for you.\" \/>\n<meta name=\"robots\" content=\"index, follow, max-snippet:-1, max-image-preview:large, max-video-preview:-1\" \/>\n<link rel=\"canonical\" href=\"https:\/\/www.podolskiy.de\/en\/wedding-documentation\" \/>\n<meta property=\"og:locale\" content=\"en_US\" \/>\n<meta property=\"og:type\" content=\"article\" \/>\n<meta property=\"og:title\" content=\"WEDDING PHOTOGRAPHY- WEDDING PHOTOGRAPHY Hannover\" \/>\n<meta property=\"og:description\" content=\"]One of the most uplifting moments of the wedding documentation is the ceremony. And i am more than happy to hold those special, emotional moments for you.\" \/>\n<meta property=\"og:url\" content=\"https:\/\/www.podolskiy.de\/en\/wedding-documentation\" \/>\n<meta property=\"og:site_name\" content=\"Hochzeitsfotograf Anton Podolskiy\" \/>\n<meta property=\"article:publisher\" content=\"https:\/\/www.facebook.com\/podolskiyphotography\/\" \/>\n<meta property=\"article:modified_time\" content=\"2018-01-03T12:42:50+00:00\" \/>\n<meta property=\"og:image\" content=\"https:\/\/www.podolskiy.de\/wp-content\/uploads\/2019\/05\/bester-hochzeitsfotograf.jpg\" \/>\n\t<meta property=\"og:image:width\" content=\"1200\" \/>\n\t<meta property=\"og:image:height\" content=\"800\" \/>\n\t<meta property=\"og:image:type\" content=\"image\/jpeg\" \/>\n<script type=\"application\/ld+json\" class=\"yoast-schema-graph\">{\"@context\":\"https:\/\/schema.org\",\"@graph\":[{\"@type\":\"WebPage\",\"@id\":\"https:\/\/www.podolskiy.de\/en\/wedding-documentation\",\"url\":\"https:\/\/www.podolskiy.de\/en\/wedding-documentation\",\"name\":\"WEDDING PHOTOGRAPHY- WEDDING PHOTOGRAPHY Hannover\",\"isPartOf\":{\"@id\":\"https:\/\/www.podolskiy.de\/#website\"},\"datePublished\":\"2017-12-29T11:05:54+00:00\",\"dateModified\":\"2018-01-03T12:42:50+00:00\",\"description\":\"]One of the most uplifting moments of the wedding documentation is the ceremony. And i am more than happy to hold those special, emotional moments for you.\",\"breadcrumb\":{\"@id\":\"https:\/\/www.podolskiy.de\/en\/wedding-documentation#breadcrumb\"},\"inLanguage\":\"en-US\",\"potentialAction\":[{\"@type\":\"ReadAction\",\"target\":[\"https:\/\/www.podolskiy.de\/en\/wedding-documentation\"]}]},{\"@type\":\"BreadcrumbList\",\"@id\":\"https:\/\/www.podolskiy.de\/en\/wedding-documentation#breadcrumb\",\"itemListElement\":[{\"@type\":\"ListItem\",\"position\":1,\"name\":\"Home\",\"item\":\"https:\/\/www.podolskiy.de\/en\"},{\"@type\":\"ListItem\",\"position\":2,\"name\":\"Wedding documentation\"}]},{\"@type\":\"WebSite\",\"@id\":\"https:\/\/www.podolskiy.de\/#website\",\"url\":\"https:\/\/www.podolskiy.de\/\",\"name\":\"Hochzeitsfotograf Anton Podolskiy\",\"description\":\"Fotograf f\u00fcr Hochzeiten in Hannover und ganz Deutschland\",\"potentialAction\":[{\"@type\":\"SearchAction\",\"target\":{\"@type\":\"EntryPoint\",\"urlTemplate\":\"https:\/\/www.podolskiy.de\/?s={search_term_string}\"},\"query-input\":{\"@type\":\"PropertyValueSpecification\",\"valueRequired\":true,\"valueName\":\"search_term_string\"}}],\"inLanguage\":\"en-US\"}]}<\/script>\n<!-- \/ Yoast SEO plugin. -->","yoast_head_json":{"title":"WEDDING PHOTOGRAPHY- WEDDING PHOTOGRAPHY Hannover","description":"]One of the most uplifting moments of the wedding documentation is the ceremony. And i am more than happy to hold those special, emotional moments for you.","robots":{"index":"index","follow":"follow","max-snippet":"max-snippet:-1","max-image-preview":"max-image-preview:large","max-video-preview":"max-video-preview:-1"},"canonical":"https:\/\/www.podolskiy.de\/en\/wedding-documentation","og_locale":"en_US","og_type":"article","og_title":"WEDDING PHOTOGRAPHY- WEDDING PHOTOGRAPHY Hannover","og_description":"]One of the most uplifting moments of the wedding documentation is the ceremony. And i am more than happy to hold those special, emotional moments for you.","og_url":"https:\/\/www.podolskiy.de\/en\/wedding-documentation","og_site_name":"Hochzeitsfotograf Anton Podolskiy","article_publisher":"https:\/\/www.facebook.com\/podolskiyphotography\/","article_modified_time":"2018-01-03T12:42:50+00:00","og_image":[{"width":1200,"height":800,"url":"https:\/\/www.podolskiy.de\/wp-content\/uploads\/2019\/05\/bester-hochzeitsfotograf.jpg","type":"image\/jpeg"}],"schema":{"@context":"https:\/\/schema.org","@graph":[{"@type":"WebPage","@id":"https:\/\/www.podolskiy.de\/en\/wedding-documentation","url":"https:\/\/www.podolskiy.de\/en\/wedding-documentation","name":"WEDDING PHOTOGRAPHY- WEDDING PHOTOGRAPHY Hannover","isPartOf":{"@id":"https:\/\/www.podolskiy.de\/#website"},"datePublished":"2017-12-29T11:05:54+00:00","dateModified":"2018-01-03T12:42:50+00:00","description":"]One of the most uplifting moments of the wedding documentation is the ceremony. And i am more than happy to hold those special, emotional moments for you.","breadcrumb":{"@id":"https:\/\/www.podolskiy.de\/en\/wedding-documentation#breadcrumb"},"inLanguage":"en-US","potentialAction":[{"@type":"ReadAction","target":["https:\/\/www.podolskiy.de\/en\/wedding-documentation"]}]},{"@type":"BreadcrumbList","@id":"https:\/\/www.podolskiy.de\/en\/wedding-documentation#breadcrumb","itemListElement":[{"@type":"ListItem","position":1,"name":"Home","item":"https:\/\/www.podolskiy.de\/en"},{"@type":"ListItem","position":2,"name":"Wedding documentation"}]},{"@type":"WebSite","@id":"https:\/\/www.podolskiy.de\/#website","url":"https:\/\/www.podolskiy.de\/","name":"Hochzeitsfotograf Anton Podolskiy","description":"Fotograf f\u00fcr Hochzeiten in Hannover und ganz Deutschland","potentialAction":[{"@type":"SearchAction","target":{"@type":"EntryPoint","urlTemplate":"https:\/\/www.podolskiy.de\/?s={search_term_string}"},"query-input":{"@type":"PropertyValueSpecification","valueRequired":true,"valueName":"search_term_string"}}],"inLanguage":"en-US"}]}},"_links":{"self":[{"href":"https:\/\/www.podolskiy.de\/en\/wp-json\/wp\/v2\/pages\/16578","targetHints":{"allow":["GET"]}}],"collection":[{"href":"https:\/\/www.podolskiy.de\/en\/wp-json\/wp\/v2\/pages"}],"about":[{"href":"https:\/\/www.podolskiy.de\/en\/wp-json\/wp\/v2\/types\/page"}],"author":[{"embeddable":true,"href":"https:\/\/www.podolskiy.de\/en\/wp-json\/wp\/v2\/users\/1"}],"replies":[{"embeddable":true,"href":"https:\/\/www.podolskiy.de\/en\/wp-json\/wp\/v2\/comments?post=16578"}],"version-history":[{"count":3,"href":"https:\/\/www.podolskiy.de\/en\/wp-json\/wp\/v2\/pages\/16578\/revisions"}],"predecessor-version":[{"id":16858,"href":"https:\/\/www.podolskiy.de\/en\/wp-json\/wp\/v2\/pages\/16578\/revisions\/16858"}],"wp:attachment":[{"href":"https:\/\/www.podolskiy.de\/en\/wp-json\/wp\/v2\/media?parent=16578"}],"curies":[{"name":"wp","href":"https:\/\/api.w.org\/{rel}","templated":true}]}}